{"id":423,"date":"2026-04-07T11:50:06","date_gmt":"2026-04-07T09:50:06","guid":{"rendered":"https:\/\/hoteltow.de\/?page_id=423"},"modified":"2026-04-07T11:56:42","modified_gmt":"2026-04-07T09:56:42","slug":"agb-hotel-teltow","status":"publish","type":"page","link":"https:\/\/hoteltow.de\/en\/agb-hotel-teltow\/","title":{"rendered":"AGB Hotel Teltow"},"content":{"rendered":"<div data-elementor-type=\"wp-page\" data-elementor-id=\"423\" class=\"elementor elementor-423\" data-elementor-post-type=\"page\">\n\t\t\t\t<div class=\"elementor-element elementor-element-0e0d602 e-flex e-con-boxed e-con e-parent\" data-id=\"0e0d602\" data-element_type=\"container\" data-e-type=\"container\">\n\t\t\t\t\t<div class=\"e-con-inner\">\n\t\t\t\t<div class=\"elementor-element elementor-element-9bdb556 elementor-widget elementor-widget-heading\" data-id=\"9bdb556\" data-element_type=\"widget\" data-e-type=\"widget\" data-widget_type=\"heading.default\">\n\t\t\t\t\t<h2 class=\"elementor-heading-title elementor-size-default\">Allgemeine Gesch\u00e4ftsbedingungen\n<\/h2>\t\t\t\t<\/div>\n\t\t\t\t<div class=\"elementor-element elementor-element-74f2c2e elementor-widget elementor-widget-heading\" data-id=\"74f2c2e\" data-element_type=\"widget\" data-e-type=\"widget\" data-widget_type=\"heading.default\">\n\t\t\t\t\t<h3 class=\"elementor-heading-title elementor-size-default\">f\u00fcr den Hotelaufnahmevertrag <br><br>\n\nHotel Teltow<\/h3>\t\t\t\t<\/div>\n\t\t\t\t<div class=\"elementor-element elementor-element-a199434 elementor-widget elementor-widget-text-editor\" data-id=\"a199434\" data-element_type=\"widget\" data-e-type=\"widget\" data-widget_type=\"text-editor.default\">\n\t\t\t\t\t\t\t\t\t<p><b>1 Geltungsbereich<\/b><\/p><p><b>1.1 <\/b>Diese Gesch\u00e4ftsbedingungen gelten f\u00fcr Vertr\u00e4ge \u00fcber die mietweise \u00dcberlassung von Hotelzimmern zur Beherbergung sowie alle in diesem Zusammenhang f\u00fcr den Kunden erbrachten weiteren Leistungen und Lieferungen des Hotels (Hotelaufnahmevertrag). Der Begriff \u201eHotelaufnahmevertrag\u201c umfasst und ersetzt folgende Begriffe: Beherbergungs-, Gastaufnahme-, Hotel-, Hotelzimmervertrag.<\/p><p><b>1.2 <\/b>Die Unter- oder Weitervermietung der \u00fcberlassenen Zimmer sowie deren Nutzung zu anderen als Beherbergungszwecken bed\u00fcrfen der vorherigen Zustimmung des Hotels in Textform, wobei \u00a7 540 Absatz 1 Satz 2 BGB abbedungen wird, soweit der Kunde nicht Verbraucher im Sinne von \u00a7 13 BGB ist.<\/p><p><b>1.3 <\/b>Allgemeine Gesch\u00e4ftsbedingungen des Kunden finden nur Anwendung, wenn dies vorher ausdr\u00fccklich in Textform vereinbart wurde.<\/p><p><b>2 Vertragsabschluss, -partner, Verj\u00e4hrung<\/b><\/p><p><b>2.1 <\/b>Vertragspartner sind das Hotel und der Kunde. Der Vertrag kommt durch die Annahme des Antrags des Kunden durch das Hotel zustande. Dem Hotel steht es frei, die Zimmerbuchung in Textform zu best\u00e4tigen.<\/p><p><b>2.2 <\/b>Alle Anspr\u00fcche gegen das Hotel verj\u00e4hren grunds\u00e4tzlich in einem Jahr ab dem gesetzlichen Verj\u00e4hrungsbeginn. Dies gilt nicht bei Schadensersatzanspr\u00fcchen und bei sonstigen Anspr\u00fcchen, sofern letztere auf einer vors\u00e4tzlichen oder grob fahrl\u00e4ssigen Pflichtverletzung des Hotels beruhen.<\/p><p><b>3 Leistungen, Preise, Zahlung, Aufrechnung<\/b><\/p><p><b>3.1 <\/b>Das Hotel ist verpflichtet, die vom Kunden gebuchten Zimmer bereitzuhalten und die vereinbarten Leistungen zu erbringen.<\/p><p><b>3.2 <\/b>Der Kunde ist verpflichtet, die f\u00fcr die Zimmer\u00fcberlassung und die von ihm in Anspruch genommenen weiteren Leistungen vereinbarten bzw. geltenden Preise des Hotels zu zahlen. Dies gilt auch f\u00fcr vom Kunden direkt oder \u00fcber das Hotel beauftragte Leistungen, die durch Dritte erbracht und vom Hotel verauslagt werden.<\/p><p><b>3.3 <\/b>Die vereinbarten Preise verstehen sich einschlie\u00dflich der zum Zeitpunkt des Vertragsschlusses geltenden Steuern und lokalen Abgaben. Nicht enthalten sind lokale Abgaben, die nach dem jeweiligen Kommunalrecht vom Gast selbst geschuldet sind, wie zum Beispiel Kurtaxe. Bei \u00c4nderung der gesetzlichen Umsatzsteuer oder der Neueinfuehrung, \u00c4nderung oder Abschaffung lokaler Abgaben auf den Leistungsgegenstand nach Vertragsschluss werden die Preise entsprechend angepasst. Bei Vertr\u00e4gen mit Verbrauchern gilt dieses nur, wenn der Zeitraum zwischen Vertragsabschluss und Vertragserf\u00fcllung vier Monate \u00fcberschreitet.<\/p><p><b>3.4 <\/b>Das Hotel kann seine Zustimmung zu einer vom Kunden gew\u00fcnschten nachtr\u00e4glichen Verringerung der Anzahl der gebuchten Zimmer, der Leistung des Hotels oder der Aufenthaltsdauer des Kunden davon abh\u00e4ngig machen, dass sich der Preis f\u00fcr die Zimmer und\/oder f\u00fcr die sonstigen Leistungen des Hotels angemessen erh\u00f6ht.<\/p><p><b>3.5 <\/b>Rechnungen des Hotels sind sofort nach Zugang ohne Abzug zur Zahlung f\u00e4llig. Wurde Zahlung auf Rechnung vereinbart, so hat die Zahlung \u2013 vorbehaltlich einer abweichenden Vereinbarung \u2013 binnen zehn Tagen ab Zugang der Rechnung ohne Abzug zu erfolgen.<\/p><p><b>3.6 <\/b>Das Hotel ist berechtigt, bei Vertragsschluss vom Kunden eine angemessene Vorauszahlung oder Sicherheitsleistung, zum Beispiel in Form einer Kreditkartengarantie, zu verlangen. Die H\u00f6he der Vorauszahlung und die Zahlungstermine k\u00f6nnen im Vertrag in Textform vereinbart werden. Bei Vorauszahlungen oder Sicherheitsleistungen f\u00fcr Pauschalreisen bleiben die gesetzlichen Bestimmungen unber\u00fchrt. Bei Zahlungsverzug des Kunden gelten die gesetzlichen Regelungen.<\/p><p><b>3.7 <\/b>In begr\u00fcndeten F\u00e4llen, zum Beispiel Zahlungsr\u00fcckstand des Kunden oder Erweiterung des Vertragsumfanges, ist das Hotel berechtigt, auch nach Vertragsschluss bis zu Beginn des Aufenthaltes eine Vorauszahlung oder Sicherheitsleistung im Sinne vorstehender Ziffer 3.6 oder eine Anhebung der im Vertrag vereinbarten Vorauszahlung oder Sicherheitsleistung bis zur vollen vereinbarten Verg\u00fctung zu verlangen.<\/p><p><b>3.8 <\/b>Das Hotel ist ferner berechtigt, zu Beginn und w\u00e4hrend des Aufenthaltes vom Kunden eine angemessene Vorauszahlung oder Sicherheitsleistung im Sinne vorstehender Ziffer 3.6 f\u00fcr bestehende und k\u00fcnftige Forderungen aus dem Vertrag zu verlangen, soweit eine solche nicht bereits gem\u00e4\u00df vorstehender Ziffer 3.6 und\/oder Ziffer 3.7 geleistet wurde.<\/p><p><b>3.9 <\/b>Der Kunde kann nur mit einer unstreitigen oder rechtskr\u00e4ftigen Forderung gegen\u00fcber einer Forderung des Hotels aufrechnen oder verrechnen.<\/p><p><b>3.10 <\/b>Der Kunde ist damit einverstanden, dass ihm die Rechnung auf elektronischem Weg \u00fcbermittelt werden kann.<\/p><p><b>4 R\u00fccktritt des Kunden (Abbestellung, Stornierung) \/ Nichtinanspruchnahme (No Show)<\/b><\/p><p><b>4.1 <\/b>Ein R\u00fccktritt des Kunden von dem mit dem Hotel geschlossenen Vertrag ist nur m\u00f6glich, wenn ein R\u00fccktrittsrecht im Vertrag ausdr\u00fccklich vereinbart wurde, ein gesetzliches R\u00fccktrittsrecht besteht oder wenn das Hotel der Vertragsaufhebung ausdr\u00fccklich zustimmt.<\/p><p><b>4.2 <\/b>Sofern zwischen dem Hotel und dem Kunden ein Termin zum kostenfreien R\u00fccktritt vom Vertrag vereinbart wurde, kann der Kunde bis dahin vom Vertrag zur\u00fccktreten, ohne Zahlungs- oder Schadensersatzanspr\u00fcche des Hotels auszul\u00f6sen.<\/p><p><b>4.3 <\/b>Ist ein R\u00fccktrittsrecht nicht vereinbart oder bereits erloschen, besteht auch kein gesetzliches R\u00fccktritts- oder K\u00fcndigungsrecht und stimmt das Hotel einer Vertragsaufhebung nicht zu, beh\u00e4lt das Hotel den Anspruch auf die vereinbarte Verg\u00fctung trotz Nichtinanspruchnahme der Leistung. Das Hotel hat die Einnahmen aus anderweitiger Vermietung der Zimmer sowie die ersparten Aufwendungen anzurechnen. Werden die Zimmer nicht anderweitig vermietet, so kann das Hotel den Abzug f\u00fcr ersparte Aufwendungen pauschalieren. Der Kunde ist in diesem Fall verpflichtet, 80% des vertraglich vereinbarten Preises f\u00fcr \u00dcbernachtung mit oder ohne Fr\u00fchst\u00fcck sowie f\u00fcr Pauschalarrangements mit Fremdleistungen, 70% f\u00fcr Halbpensions- und 60% f\u00fcr Vollpensionsarrangements zu zahlen. Dem Kunden steht der Nachweis frei, dass der vorgenannte Anspruch nicht oder nicht in der geforderten H\u00f6he entstanden ist.<\/p><p><b>5 R\u00fccktritt des Hotels<\/b><\/p><p><b>5.1 <\/b>Sofern vereinbart wurde, dass der Kunde innerhalb einer bestimmten Frist kostenfrei vom Vertrag zur\u00fccktreten kann, ist das Hotel in diesem Zeitraum seinerseits berechtigt, vom Vertrag zur\u00fcckzutreten, wenn Anfragen anderer Kunden nach den vertraglich gebuchten Zimmern vorliegen und der Kunde auf R\u00fcckfrage des Hotels mit angemessener Fristsetzung auf sein Recht zum R\u00fccktritt nicht verzichtet.<\/p><p><b>5.2 <\/b>Wird eine gem\u00e4\u00df Ziffer 3.6 und\/oder Ziffer 3.7 vereinbarte oder verlangte Vorauszahlung oder Sicherheitsleistung auch nach Verstreichen einer vom Hotel gesetzten angemessenen Nachfrist nicht geleistet, so ist das Hotel ebenfalls zum R\u00fccktritt vom Vertrag berechtigt.<\/p><p><b>5.3 <\/b>Ferner ist das Hotel berechtigt, aus sachlich gerechtfertigtem Grund vom Vertrag au\u00dferordentlich zur\u00fcckzutreten, insbesondere falls:<\/p><p><b><i>\u2013 h\u00f6here Gewalt oder andere vom Hotel nicht zu vertretende Umst\u00e4nde die Erf\u00fcllung des Vertrages unm\u00f6glich machen;<\/i><\/b><\/p><p><b><i>\u2013 Zimmer oder R\u00e4ume schuldhaft unter irref\u00fchrender oder falscher Angabe oder Verschweigen wesentlicher Tatsachen gebucht werden; wesentlich kann dabei die Identit\u00e4t des Kunden, die Zahlungsf\u00e4higkeit oder der Aufenthaltszweck sein;<\/i><\/b><\/p><p><b><i>\u2013 das Hotel begr\u00fcndeten Anlass zu der Annahme hat, dass die Inanspruchnahme der Leistung den reibungslosen Gesch\u00e4ftsbetrieb, die Sicherheit oder das Ansehen des Hotels in der \u00d6ffentlichkeit gef\u00e4hrden kann, ohne dass dies dem Herrschafts- bzw. Organisationsbereich des Hotels zuzurechnen ist;<\/i><\/b><\/p><p><b><i>\u2013 der Zweck bzw. der Anlass des Aufenthaltes gesetzeswidrig ist;<\/i><\/b><\/p><p><b><i>\u2013 ein Versto\u00df gegen oben genannte Ziffer 1.2 vorliegt;<\/i><\/b><\/p><p>\u2013 der Kunde oder seine Begleitpersonen im Hotelzimmer oder in den R\u00e4umlichkeiten des Hotels illegale Bet\u00e4ubungsmittel oder sonstige verbotene Substanzen konsumieren, besitzen oder damit handeln;<\/p><p>\u2013 der Kunde das Zimmer oder die Hoteleinrichtung in erheblichem Ma\u00dfe \u00fcber das gew\u00f6hnliche Ma\u00df hinaus verschmutzt, besch\u00e4digt oder verwahrlosen l\u00e4sst;<\/p><p>\u2013 der Kunde gegen die Hausordnung des Hotels in schwerwiegender Weise verst\u00f6\u00dft oder sich gegen\u00fcber anderen G\u00e4sten, Mitarbeitern oder Dritten in unzumutbarer Weise verh\u00e4lt.<\/p><p><b>5.4 <\/b>Der berechtigte R\u00fccktritt des Hotels begr\u00fcndet keinen Anspruch des Kunden auf Schadensersatz.<\/p><p><b>5.5 <\/b>Im Falle einer au\u00dferordentlichen K\u00fcndigung gem\u00e4\u00df Ziffer 5.3 aufgrund von Drogenkonsum, erheblicher Verschmutzung, Besch\u00e4digung oder schwerwiegenden Verst\u00f6\u00dfen gegen die Hausordnung beh\u00e4lt das Hotel den Anspruch auf die volle vereinbarte Verg\u00fctung f\u00fcr den gesamten gebuchten Zeitraum. Eine R\u00fcckerstattung bereits geleisteter Zahlungen ist ausgeschlossen. Dar\u00fcber hinaus ist der Kunde verpflichtet, dem Hotel s\u00e4mtliche Sch\u00e4den zu ersetzen, die durch sein Verhalten entstanden sind, insbesondere Kosten f\u00fcr Sonderreinigung, Desinfektion, Renovierung, Instandsetzung, entgangenen Gewinn durch Zimmerausfall sowie etwaige Kosten f\u00fcr die Entsorgung kontaminierter Gegenst\u00e4nde. Das Hotel ist berechtigt, eine Sonderreinigungspauschale in H\u00f6he von mindestens 250,00 EUR zuz\u00fcglich der tats\u00e4chlich anfallenden Mehrkosten zu erheben.<\/p><p><b>5.6 <\/b>Das Hotel ist berechtigt, bei Vorliegen der Voraussetzungen der Ziffer 5.3 den Kunden unverz\u00fcglich des Hauses zu verweisen. Das Hausrecht des Hotels bleibt unber\u00fchrt. Das Hotel beh\u00e4lt sich vor, bei Verdacht auf Straftaten Strafanzeige zu erstatten.<\/p><p><b>6 Zimmerbereitstellung, -\u00fcbergabe und -r\u00fcckgabe<\/b><\/p><p><b>6.1 <\/b>Der Kunde erwirbt keinen Anspruch auf die Bereitstellung bestimmter Zimmer, soweit dieses nicht ausdr\u00fccklich in Textform vereinbart wurde.<\/p><p><b>6.2 <\/b>Gebuchte Zimmer stehen dem Kunden ab 15:00 Uhr des vereinbarten Anreisetages zur Verf\u00fcgung. Der Kunde hat keinen Anspruch auf fr\u00fchere Bereitstellung.<\/p><p><b>6.3 <\/b>Am vereinbarten Abreisetag sind die Zimmer dem Hotel sp\u00e4testens um 10:30 Uhr ger\u00e4umt zur Verf\u00fcgung zu stellen. Danach kann das Hotel aufgrund der versp\u00e4teten R\u00e4umung des Zimmers f\u00fcr dessen vertrags\u00fcberschreitende Nutzung bis 18:00 Uhr 50% des vollen Logispreises (Preis gem\u00e4\u00df Preisverzeichnis) in Rechnung stellen, ab 18:00 Uhr 90%. Vertragliche Anspr\u00fcche des Kunden werden hierdurch nicht begr\u00fcndet. Ihm steht es frei nachzuweisen, dass dem Hotel kein oder ein wesentlich niedrigerer Anspruch auf Nutzungsentgelt entstanden ist.<\/p><p><b>7 Haftung des Hotels<\/b><\/p><p><b>7.1 <\/b>Das Hotel haftet f\u00fcr von ihm zu vertretende Sch\u00e4den aus der Verletzung des Lebens, des K\u00f6rpers oder der Gesundheit. Weiterhin haftet es f\u00fcr sonstige Sch\u00e4den, die auf einer vors\u00e4tzlichen oder grob fahrl\u00e4ssigen Pflichtverletzung des Hotels beziehungsweise auf einer vors\u00e4tzlichen oder fahrl\u00e4ssigen Verletzung von vertragstypischen Pflichten des Hotels beruhen. Vertragstypische Pflichten sind solche Pflichten, die die ordnungsgem\u00e4\u00dfe Durchf\u00fchrung des Vertrages erst erm\u00f6glichen und auf deren Erf\u00fcllung der Kunde vertraut und vertrauen darf. Einer Pflichtverletzung des Hotels steht die eines gesetzlichen Vertreters oder Erf\u00fcllungsgehilfen gleich. Weitergehende Schadensersatzanspr\u00fcche sind, soweit in dieser Ziffer 7 nicht anderweitig geregelt, ausgeschlossen. Sollten St\u00f6rungen oder M\u00e4ngel an den Leistungen des Hotels auftreten, wird das Hotel bei Kenntnis oder auf unverz\u00fcgliche R\u00fcge des Kunden bem\u00fcht sein, f\u00fcr Abhilfe zu sorgen. Der Kunde ist verpflichtet, das ihm Zumutbare beizutragen, um die St\u00f6rung zu beheben und einen m\u00f6glichen Schaden gering zu halten.<\/p><p><b>7.2 <\/b>F\u00fcr eingebrachte Sachen haftet das Hotel dem Kunden nach den gesetzlichen Bestimmungen. Das Hotel empfiehlt die Nutzung des Hotel- oder Zimmersafes. Sofern der Kunde Geld, Wertpapiere und Kostbarkeiten mit einem Wert von mehr als 800 Euro oder sonstige Sachen mit einem Wert von mehr als 3.500 Euro einzubringen w\u00fcnscht, bedarf dies einer gesonderten Aufbewahrungsvereinbarung mit dem Hotel.<\/p><p><b>7.3 <\/b>Soweit dem Kunden ein Stellplatz in der Hotelgarage oder auf dem Hotelparkplatz, auch gegen Entgelt, zur Verf\u00fcgung gestellt wird, kommt dadurch kein Verwahrungsvertrag zustande. Bei Abhandenkommen oder Besch\u00e4digung auf dem Hotelgrundst\u00fcck abgestellter oder rangierter Kraftfahrzeuge und deren Inhalte haftet das Hotel nur nach Ma\u00dfgabe der vorstehenden Ziffer 7.1, S\u00e4tze 1 bis 4.<\/p><p><b>7.4 <\/b>Weckauftr\u00e4ge werden vom Hotel mit gr\u00f6\u00dfter Sorgfalt ausgef\u00fchrt. Nachrichten f\u00fcr die Kunden werden mit Sorgfalt behandelt. Das Hotel kann nach vorheriger Absprache mit dem Kunden die Annahme, Aufbewahrung und \u2013 auf Wunsch \u2013 gegen Entgelt die Nachsendung von Post und Warensendungen \u00fcbernehmen. Das Hotel haftet hierbei nur nach Ma\u00dfgabe der vorstehenden Ziffer 7.1, S\u00e4tze 1 bis 4.<\/p><p><b>8 Pflichten des Kunden<\/b><\/p><p><b>8.1 <\/b>Der Kunde ist verpflichtet, das Zimmer und die Hoteleinrichtung pfleglich zu behandeln und in einem ordnungsgem\u00e4\u00dfen Zustand zu hinterlassen.<\/p><p><b>8.2 <\/b>Der Konsum, Besitz und\/oder Handel von bzw. mit illegalen Bet\u00e4ubungsmitteln und sonstigen verbotenen Substanzen ist im gesamten Hotel und auf dem gesamten Hotelgel\u00e4nde strengstens untersagt. Bei Zuwiderhandlung ist das Hotel zur sofortigen fristlosen K\u00fcndigung des Hotelaufnahmevertrages und zur Hausverweisung berechtigt, ohne dass dem Kunden ein Anspruch auf R\u00fcckerstattung bereits gezahlter Entgelte zusteht.<\/p><p><b>8.3 <\/b>Rauchen ist in allen Zimmern und geschlossenen R\u00e4umlichkeiten des Hotels untersagt. Bei Zuwiderhandlung wird eine Sonderreinigungspauschale in H\u00f6he von mindestens 150,00 EUR erhoben.<\/p><p><b>8.4 <\/b>Der Kunde haftet f\u00fcr s\u00e4mtliche Sch\u00e4den, die durch ihn, seine Begleitpersonen oder seine Besucher am Eigentum des Hotels verursacht werden. Dies umfasst insbesondere Besch\u00e4digungen, erhebliche Verschmutzungen und Verunreinigungen, die \u00fcber die gew\u00f6hnliche Abnutzung hinausgehen.<\/p><p><b>8.5 <\/b>Das Hotel ist berechtigt, den Zustand des Zimmers w\u00e4hrend des Aufenthalts des Kunden im Rahmen der \u00fcblichen Zimmerreinigung und bei begr\u00fcndetem Verdacht auf Verst\u00f6\u00dfe gegen diese AGB in Augenschein zu nehmen.<\/p><p><b>9 Schlussbestimmungen<\/b><\/p><p><b>9.1 <\/b>\u00c4nderungen und Erg\u00e4nzungen des Vertrages, der Antragsannahme oder dieser Allgemeinen Gesch\u00e4ftsbedingungen sollen in Textform erfolgen. Einseitige \u00c4nderungen oder Erg\u00e4nzungen sind unwirksam.<\/p><p><b>9.2 <\/b>Erf\u00fcllungs- und Zahlungsort sowie ausschlie\u00dflicher Gerichtsstand \u2013 auch f\u00fcr Scheck- und Wechselstreitigkeiten \u2013 ist im kaufm\u00e4nnischen Verkehr Teltow. Sofern der Kunde die Voraussetzung des \u00a7 38 Absatz 2 ZPO erf\u00fcllt und keinen allgemeinen Gerichtsstand im Inland hat, gilt als Gerichtsstand Teltow.<\/p><p><b>9.3 <\/b>Es gilt deutsches Recht. Die Anwendung des UN-Kaufrechts ist ausgeschlossen.<\/p><p><b>9.4 <\/b>Entsprechend der gesetzlichen Verpflichtung weist das Hotel darauf hin, dass die Europ\u00e4ische Union eine Online-Plattform zur au\u00dfergerichtlichen Beilegung von verbraucherrechtlichen Streitigkeiten (\u201eOS-Plattform\u201c) eingerichtet hat: http:\/\/ec.europa.eu\/consumers\/odr\/ Das Hotel nimmt jedoch nicht an Streitbeilegungsverfahren vor Verbraucherschlichtungsstellen teil.<\/p><p><b>9.5 <\/b>Sollten einzelne Bestimmungen dieser Allgemeinen Gesch\u00e4ftsbedingungen unwirksam oder undurchf\u00fchrbar sein oder werden, so wird dadurch die Wirksamkeit der \u00fcbrigen Bestimmungen nicht ber\u00fchrt. Die Parteien verpflichten sich, anstelle der unwirksamen oder undurchf\u00fchrbaren Bestimmung eine solche Regelung zu treffen, die dem wirtschaftlichen Zweck der unwirksamen Bestimmung am n\u00e4chsten kommt.<\/p>\t\t\t\t\t\t\t\t<\/div>\n\t\t\t\t<div class=\"elementor-element elementor-element-8993ab6 elementor-widget elementor-widget-text-editor\" data-id=\"8993ab6\" data-element_type=\"widget\" data-e-type=\"widget\" data-widget_type=\"text-editor.default\">\n\t\t\t\t\t\t\t\t\t<p><i>Hotel Teltow \u2013 Stand: April 2026<\/i><\/p>\t\t\t\t\t\t\t\t<\/div>\n\t\t\t\t\t<\/div>\n\t\t\t\t<\/div>\n\t\t\t\t<\/div>","protected":false},"excerpt":{"rendered":"<p>Allgemeine Gesch\u00e4ftsbedingungen f\u00fcr den Hotelaufnahmevertrag Hotel Teltow 1 Geltungsbereich 1.1 Diese Gesch\u00e4ftsbedingungen gelten f\u00fcr Vertr\u00e4ge \u00fcber die mietweise \u00dcberlassung von Hotelzimmern zur Beherbergung sowie alle in diesem Zusammenhang f\u00fcr den Kunden erbrachten weiteren Leistungen und Lieferungen des Hotels (Hotelaufnahmevertrag). Der Begriff \u201eHotelaufnahmevertrag\u201c umfasst und ersetzt folgende Begriffe: Beherbergungs-, Gastaufnahme-, Hotel-, Hotelzimmervertrag. 1.2 Die Unter- oder [&hellip;]<\/p>\n","protected":false},"author":1,"featured_media":0,"parent":0,"menu_order":0,"comment_status":"closed","ping_status":"closed","template":"","meta":{"footnotes":""},"class_list":["post-423","page","type-page","status-publish","hentry"],"_links":{"self":[{"href":"https:\/\/hoteltow.de\/en\/wp-json\/wp\/v2\/pages\/423","targetHints":{"allow":["GET"]}}],"collection":[{"href":"https:\/\/hoteltow.de\/en\/wp-json\/wp\/v2\/pages"}],"about":[{"href":"https:\/\/hoteltow.de\/en\/wp-json\/wp\/v2\/types\/page"}],"author":[{"embeddable":true,"href":"https:\/\/hoteltow.de\/en\/wp-json\/wp\/v2\/users\/1"}],"replies":[{"embeddable":true,"href":"https:\/\/hoteltow.de\/en\/wp-json\/wp\/v2\/comments?post=423"}],"version-history":[{"count":7,"href":"https:\/\/hoteltow.de\/en\/wp-json\/wp\/v2\/pages\/423\/revisions"}],"predecessor-version":[{"id":430,"href":"https:\/\/hoteltow.de\/en\/wp-json\/wp\/v2\/pages\/423\/revisions\/430"}],"wp:attachment":[{"href":"https:\/\/hoteltow.de\/en\/wp-json\/wp\/v2\/media?parent=423"}],"curies":[{"name":"wp","href":"https:\/\/api.w.org\/{rel}","templated":true}]}}